{"id":23,"date":"2025-07-03T16:11:06","date_gmt":"2025-07-03T16:11:06","guid":{"rendered":"https:\/\/themexriver.com\/wp\/reliable\/?page_id=23"},"modified":"2025-10-07T05:01:56","modified_gmt":"2025-10-07T03:01:56","slug":"sobre-nosotros","status":"publish","type":"page","link":"https:\/\/compucorel.com\/en\/sobre-nosotros\/","title":{"rendered":"About us"},"content":{"rendered":"<div data-elementor-type=\"wp-page\" data-elementor-id=\"23\" class=\"elementor elementor-23\" data-elementor-post-type=\"page\">\n\t\t\t\t<div class=\"elementor-element elementor-element-59fa9c3 e-con-full e-flex e-con e-parent\" data-id=\"59fa9c3\" data-element_type=\"container\">\n\t\t\t\t<div class=\"elementor-element elementor-element-9a92ab4 elementor-widget elementor-widget-tx_cta elh-el tx_cta\" data-id=\"9a92ab4\" data-element_type=\"widget\" data-settings=\"{&quot;design_style&quot;:&quot;style_1&quot;}\" data-widget_type=\"tx_cta.default\">\n\t\t\t\t<div class=\"elementor-widget-container\">\n\t\t\t\t\t<section class=\"ra-development-sec pt-140 tx-section\">\r\n    <div class=\"container container-1430\">\r\n        <div class=\"ra-development-content pb-60 d-flex align-items-center justify-content-between\">\r\n            <div class=\"ra-development-text\">\r\n                <div class=\"ra-sec-title1  headline-1 pera-content\">\r\n                                        <div class=\"subtitle text-uppercase d-flex align-items-center tx-subTitle\">\r\n                                                Maintenance of equipment                    <\/div>\r\n                     <h2 class=\"tx-title sec_title ra-sec-title ra-sec-anim2\">Maintenance in a Safe Orbit<\/h2>                    <p class=\"tx-description\">Not enough to take off, it is also necessary to be maintained in orbit. That is why we have services of preventive and corrective maintenance to ensure that your equipment is always operating at 100%. Our work includes cleaning, optimization, and technical adjustments, extending the useful life of your technology.<br><br>\nWith CompuCorel, your technology investment is maintained, calibrated as a ship ready to take on any mission without a hitch.<\/p>\r\n                                    <\/div>\r\n            <\/div>\r\n\r\n            <div class=\"ra-development-img position-relative\">\r\n                                <div class=\"item-img ra-tri-img img-parallax img-cover\">\r\n                    <img decoding=\"async\" src=\"https:\/\/compucorel.com\/wp-content\/uploads\/2025\/07\/dev.webp\" alt=\"dev\">\r\n                <\/div>\r\n                                            <\/div>\r\n        <\/div>\r\n    <\/div>\r\n<\/section>\t\t\t\t<\/div>\n\t\t\t\t<\/div>\n\t\t\t\t<\/div>\n\t\t<div class=\"elementor-element elementor-element-efa44e8 e-flex e-con-boxed e-con e-parent\" data-id=\"efa44e8\" data-element_type=\"container\">\n\t\t\t\t\t<div class=\"e-con-inner\">\n\t\t<div class=\"elementor-element elementor-element-1af13a4 e-con-full e-flex e-con e-child\" data-id=\"1af13a4\" data-element_type=\"container\">\n\t\t\t\t<div class=\"elementor-element elementor-element-4f6f4df elementor-widget elementor-widget-image\" data-id=\"4f6f4df\" data-element_type=\"widget\" data-widget_type=\"image.default\">\n\t\t\t\t\t\t\t\t\t\t\t\t\t\t\t<img fetchpriority=\"high\" decoding=\"async\" width=\"258\" height=\"310\" src=\"https:\/\/compucorel.com\/wp-content\/uploads\/2025\/10\/home1.jpg\" class=\"attachment-full size-full wp-image-2497\" alt=\"\" srcset=\"https:\/\/compucorel.com\/wp-content\/uploads\/2025\/10\/home1.jpg 258w, https:\/\/compucorel.com\/wp-content\/uploads\/2025\/10\/home1-250x300.jpg 250w\" sizes=\"(max-width: 258px) 100vw, 258px\" \/>\t\t\t\t\t\t\t\t\t\t\t\t\t\t\t<\/div>\n\t\t\t\t<\/div>\n\t\t<div class=\"elementor-element elementor-element-9c3774d e-con-full e-flex e-con e-child\" data-id=\"9c3774d\" data-element_type=\"container\">\n\t\t\t\t<div class=\"elementor-element elementor-element-0207e60 elementor-widget elementor-widget-tx_heading elh-el tx_heading\" data-id=\"0207e60\" data-element_type=\"widget\" data-settings=\"{&quot;design_style&quot;:&quot;style_2&quot;}\" data-widget_type=\"tx_heading.default\">\n\t\t\t\t<div class=\"elementor-widget-container\">\n\t\t\t\t\t<div class=\"tx-heading-section ra-sec-title4 text-left\">\r\n        <div class=\"subtitle tx-subTitle\">\r\n        Us    <\/div>\r\n    <h2 class=\"tx-title sec_title ra-sec-title ra-sec-anim\">Crew CompuCorel<\/h2>        <p class=\"tx-description\">\r\n            <\/p>\r\n    <\/div>\t\t\t\t<\/div>\n\t\t\t\t<\/div>\n\t\t\t\t<div class=\"elementor-element elementor-element-3f7935a elementor-widget elementor-widget-text-editor\" data-id=\"3f7935a\" data-element_type=\"widget\" data-widget_type=\"text-editor.default\">\n\t\t\t\t\t\t\t\t\t<p>Whether you're looking for to update your work station, acquire software licenses or maintenance of your systems, in CompuCorel we design solutions made to your measure. We work with precision and commitment, as an interplanetary journey that requires maximum coordination.<\/p><p>With us, your technology will always be ready to take off towards the next level.<\/p><p>In CompuCorel we are passionate about technology and we believe that every client deserves the same care and attention that a space mission. Our vision is to be your technology partner of confidence, boosting your operations with innovative solutions and reliable.<\/p>\t\t\t\t\t\t\t\t<\/div>\n\t\t\t\t<div class=\"elementor-element elementor-element-df308ab elementor-widget elementor-widget-tx_button elh-el tx_button\" data-id=\"df308ab\" data-element_type=\"widget\" data-settings=\"{&quot;design_style&quot;:&quot;style_1&quot;}\" data-widget_type=\"tx_button.default\">\n\t\t\t\t<div class=\"elementor-widget-container\">\n\t\t\t\t\t<div class=\"tx-buttonWrapper wow fadeIn 1000 200  text-left\" data-wow-duration=\"1000\" data-wow-delay=\"200\">\r\n    <div class=\"ra-btn-1\">\r\n        <a href=\"\/en\/planes\/\"\r\n        target=\"_self\"\r\n        rel=\"\" class=\"tx-button\">\r\n            <span>View plans                <i aria-hidden=\"true\" class=\"fas fa-rocket\"><\/i>            <\/span>\r\n        <\/a>\r\n    <\/div>\r\n<\/div>\t\t\t\t<\/div>\n\t\t\t\t<\/div>\n\t\t\t\t<\/div>\n\t\t\t\t\t<\/div>\n\t\t\t\t<\/div>\n\t\t\t\t<\/div>","protected":false},"excerpt":{"rendered":"<p>Mantenimiento de equipos Mantenimiento en \u00d3rbita Segura No basta con despegar, tambi\u00e9n es necesario mantenerse en \u00f3rbita. Por eso, contamos con servicios de mantenimiento preventivo y correctivo que aseguran que tu equipo funcione siempre al 100%. Nuestro trabajo incluye limpieza, optimizaci\u00f3n y ajustes t\u00e9cnicos que prolongan la vida \u00fatil de tu tecnolog\u00eda. Con CompuCorel, tu [&hellip;]<\/p>","protected":false},"author":1,"featured_media":0,"parent":0,"menu_order":0,"comment_status":"closed","ping_status":"closed","template":"elementor_header_footer","meta":{"inline_featured_image":false,"footnotes":""},"class_list":["post-23","page","type-page","status-publish","hentry"],"_links":{"self":[{"href":"https:\/\/compucorel.com\/en\/wp-json\/wp\/v2\/pages\/23","targetHints":{"allow":["GET"]}}],"collection":[{"href":"https:\/\/compucorel.com\/en\/wp-json\/wp\/v2\/pages"}],"about":[{"href":"https:\/\/compucorel.com\/en\/wp-json\/wp\/v2\/types\/page"}],"author":[{"embeddable":true,"href":"https:\/\/compucorel.com\/en\/wp-json\/wp\/v2\/users\/1"}],"replies":[{"embeddable":true,"href":"https:\/\/compucorel.com\/en\/wp-json\/wp\/v2\/comments?post=23"}],"version-history":[{"count":7,"href":"https:\/\/compucorel.com\/en\/wp-json\/wp\/v2\/pages\/23\/revisions"}],"predecessor-version":[{"id":2716,"href":"https:\/\/compucorel.com\/en\/wp-json\/wp\/v2\/pages\/23\/revisions\/2716"}],"wp:attachment":[{"href":"https:\/\/compucorel.com\/en\/wp-json\/wp\/v2\/media?parent=23"}],"curies":[{"name":"wp","href":"https:\/\/api.w.org\/{rel}","templated":true}]}}