{"id":2582,"date":"2025-10-06T20:21:51","date_gmt":"2025-10-06T18:21:51","guid":{"rendered":"https:\/\/compucorel.com\/?page_id=2582"},"modified":"2025-10-12T04:35:53","modified_gmt":"2025-10-12T02:35:53","slug":"opcion-personalizada","status":"publish","type":"page","link":"https:\/\/compucorel.com\/en\/opcion-personalizada\/","title":{"rendered":"Opci\u00f3n  personalizada"},"content":{"rendered":"<div data-elementor-type=\"wp-page\" data-elementor-id=\"2582\" class=\"elementor elementor-2582\" data-elementor-post-type=\"page\">\n\t\t\t\t<div class=\"elementor-element elementor-element-a70a9a1 e-con-full e-flex e-con e-parent\" data-id=\"a70a9a1\" data-element_type=\"container\">\n\t\t\t\t<div class=\"elementor-element elementor-element-0e729c0 elementor-widget elementor-widget-tx_contact_info elh-el tx_contact_info\" data-id=\"0e729c0\" data-element_type=\"widget\" data-settings=\"{&quot;design_style&quot;:&quot;style_1&quot;}\" data-widget_type=\"tx_contact_info.default\">\n\t\t\t\t<div class=\"elementor-widget-container\">\n\t\t\t\t\t<section class=\"ra-contact1-sec pt-110 pb-110 position-relative tx-section\" data-background=\"https:\/\/compucorel.com\/wp-content\/uploads\/2025\/07\/skill-bg-1.webp\">\r\n    <div class=\"container container-1430\">\r\n        <div class=\"ra-contact1-content d-flex justify-content-between\">\r\n            <div class=\"ra-counter1-text\">\r\n                <div class=\"ra-sec-title1  headline-1 pera-content\">\r\n\r\n                                        <div class=\"subtitle text-uppercase d-flex align-items-center\">\r\n                                                Custom your option                    <\/div>\r\n                    \r\n                    <h2 class=\"tx-title sec_title ra-sec-title ra-sec-anim2\">Choose the services you want <\/h2>                <\/div>\r\n\r\n                \r\n                <div class=\"ra-contact-newslatter pera-content\">\r\n                                        <p class=\"tx-description\">We'll create a personalized quote for you. Select the services you're looking for, and we'll prepare a quote. <\/p>\r\n                                                            <div class=\"tx-contactForm\">\r\n                                            <\/div>\r\n                    \r\n                                    <\/div>\r\n            <\/div>\r\n\r\n            <div class=\"ra-counter1-form headline-1\">\r\n                                <h3>Choose the services you want <\/h3>\r\n                \r\n                                <div class=\"tx-contactForm\">\r\n                    \n<div class=\"wpcf7 no-js\" id=\"wpcf7-f2941-o1\" lang=\"en-US\" dir=\"ltr\" data-wpcf7-id=\"2941\">\n<div class=\"screen-reader-response\"><p role=\"status\" aria-live=\"polite\" aria-atomic=\"true\"><\/p> <ul><\/ul><\/div>\n<form action=\"\/en\/wp-json\/wp\/v2\/pages\/2582#wpcf7-f2941-o1\" method=\"post\" class=\"wpcf7-form init\" aria-label=\"Contact form\" novalidate=\"novalidate\" data-status=\"init\" data-trp-original-action=\"\/en\/wp-json\/wp\/v2\/pages\/2582#wpcf7-f2941-o1\">\n<fieldset class=\"hidden-fields-container\"><input type=\"hidden\" name=\"_wpcf7\" value=\"2941\" \/><input type=\"hidden\" name=\"_wpcf7_version\" value=\"6.1.2\" \/><input type=\"hidden\" name=\"_wpcf7_locale\" value=\"en_US\" \/><input type=\"hidden\" name=\"_wpcf7_unit_tag\" value=\"wpcf7-f2941-o1\" \/><input type=\"hidden\" name=\"_wpcf7_container_post\" value=\"0\" \/><input type=\"hidden\" name=\"_wpcf7_posted_data_hash\" value=\"\" \/><input type=\"hidden\" name=\"_wpcf7_recaptcha_response\" value=\"\" \/>\n<\/fieldset>\n<div class=\"mc-contact6-form-input\">\n\t\t<div class=\"input-field\">\n\t\t\t<label class=\"text-uppercase\">Name<\/label>\n\t\t\t<span class=\"wpcf7-form-control-wrap\" data-name=\"text-144\"><input size=\"40\" maxlength=\"400\" class=\"wpcf7-form-control wpcf7-text wpcf7-validates-as-required\" aria-required=\"true\" aria-invalid=\"false\" placeholder=\"ej. Oliver Spiteri\" value=\"\" type=\"text\" name=\"text-144\" \/><\/span>\n\t\t<\/div>\n\t\t<div class=\"input-field\">\n\t\t\t<label class=\"text-uppercase\">Phone<\/label>\n\t\t\t<span class=\"wpcf7-form-control-wrap\" data-name=\"tel-144\"><input size=\"40\" maxlength=\"400\" class=\"wpcf7-form-control wpcf7-tel wpcf7-validates-as-required wpcf7-text wpcf7-validates-as-tel\" aria-required=\"true\" aria-invalid=\"false\" placeholder=\"ej. +1 877 217 8371\" value=\"\" type=\"tel\" name=\"tel-144\" \/><\/span>\n\t\t<\/div>\n\t\t<div class=\"input-field\">\n\t\t\t<label class=\"text-uppercase\">Email<\/label>\n\t\t\t<span class=\"wpcf7-form-control-wrap\" data-name=\"email-144\"><input size=\"40\" maxlength=\"400\" class=\"wpcf7-form-control wpcf7-email wpcf7-validates-as-required wpcf7-text wpcf7-validates-as-email\" aria-required=\"true\" aria-invalid=\"false\" placeholder=\"example@email.com\" value=\"\" type=\"email\" name=\"email-144\" \/><\/span>\n\t\t<\/div>\n\t\t<div class=\"input-field\">\n\t\t\t<label class=\"text-uppercase\">Servicios deseados<\/label>\n\t\t\t<span class=\"wpcf7-form-control-wrap\" data-name=\"checkbox-617\"><span class=\"wpcf7-form-control wpcf7-checkbox\"><span class=\"wpcf7-list-item first\"><label><input type=\"checkbox\" name=\"checkbox-617[]\" value=\"Soporte en \u00f3rbita - Asistencia remota\" \/><span class=\"wpcf7-list-item-label\">Support orbit - remote Assistance<\/span><\/label><\/span><span class=\"wpcf7-list-item\"><label><input type=\"checkbox\" name=\"checkbox-617[]\" value=\"M\u00f3dulo de software - Instalaci\u00f3n y configuraci\u00f3n\" \/><span class=\"wpcf7-list-item-label\">Software module - Installation and configuration<\/span><\/label><\/span><span class=\"wpcf7-list-item\"><label><input type=\"checkbox\" name=\"checkbox-617[]\" value=\"Escudo espacial - Mantenimiento preventivo y optimizaci\u00f3n\" \/><span class=\"wpcf7-list-item-label\">Space shield - preventive Maintenance and optimization<\/span><\/label><\/span><span class=\"wpcf7-list-item\"><label><input type=\"checkbox\" name=\"checkbox-617[]\" value=\"Rescate estelar - Recuperaci\u00f3n de datos\" \/><span class=\"wpcf7-list-item-label\">Rescue stellar - data-Recovery<\/span><\/label><\/span><span class=\"wpcf7-list-item\"><label><input type=\"checkbox\" name=\"checkbox-617[]\" value=\"Centro de mando - Sistemas de gesti\u00f3n y soporte\" \/><span class=\"wpcf7-list-item-label\">Command center - management Systems and support<\/span><\/label><\/span><span class=\"wpcf7-list-item last\"><label><input type=\"checkbox\" name=\"checkbox-617[]\" value=\"Galaxia digital - Desarrollo a la medida\" \/><span class=\"wpcf7-list-item-label\">Digital galaxy - custom Development<\/span><\/label><\/span><\/span><\/span>\n\t\t<\/div>\n\t\t<div class=\"input-field\">\n\t\t\t<label class=\"text-uppercase\">Message<\/label>\n\t\t\t<span class=\"wpcf7-form-control-wrap\" data-name=\"textarea-145\"><textarea cols=\"40\" rows=\"10\" maxlength=\"2000\" class=\"wpcf7-form-control wpcf7-textarea wpcf7-validates-as-required\" aria-required=\"true\" aria-invalid=\"false\" placeholder=\"Write your message here...\" name=\"textarea-145\"><\/textarea><\/span>\n\t\t<\/div>\n                <center><span class=\"wpcf7-form-control-wrap recaptcha\" data-name=\"recaptcha\"><span data-sitekey=\"6LeIVGEqAAAAAK_zZHyqkChCch6JfgHdiiMKb4TU\" class=\"wpcf7-form-control wpcf7-recaptcha g-recaptcha\"><\/span>\r\n<noscript>\r\n\t<div class=\"grecaptcha-noscript\">\r\n\t\t<iframe src=\"https:\/\/www.google.com\/recaptcha\/api\/fallback?k=6LeIVGEqAAAAAK_zZHyqkChCch6JfgHdiiMKb4TU\" frameborder=\"0\" scrolling=\"no\" width=\"310\" height=\"430\">\r\n\t\t<\/iframe>\r\n\t\t<textarea name=\"g-recaptcha-response\" rows=\"3\" cols=\"40\" placeholder=\"reCaptcha Response Here\">\r\n\t\t<\/textarea>\r\n\t<\/div>\r\n<\/noscript>\r\n<\/span><\/center>\n\t<\/div>\n<button type=\"submit\"><span>Send now<\/span><img decoding=\"async\" src=\"https:\/\/themexriver.com\/wp\/reliable\/wp-content\/uploads\/2025\/07\/rocket5.svg\" alt=\"reliable\"><\/button><div class=\"wpcf7-response-output\" aria-hidden=\"true\"><\/div>\n<input type=\"hidden\" name=\"trp-form-language\" value=\"en\"\/><\/form>\n<\/div>\n                <\/div>\r\n                            <\/div>\r\n\r\n        <\/div>\r\n    <\/div>\r\n<\/section>\t\t\t\t<\/div>\n\t\t\t\t<\/div>\n\t\t\t\t<\/div>\n\t\t\t\t<\/div>","protected":false},"excerpt":{"rendered":"<p>Personaliza tu opci\u00f3n Selecciona los servicios que deseas Creamos una cotizaci\u00f3n personalizada para ti. Selecciona los servicios que deseas y prepararemos una cotizaci\u00f3n. Selecciona los servicios deseados. Nombre Tel\u00e9fono Email Servicios deseados Soporte en \u00f3rbita &#8211; Asistencia remotaM\u00f3dulo de software &#8211; Instalaci\u00f3n y configuraci\u00f3nEscudo espacial &#8211; Mantenimiento preventivo y optimizaci\u00f3nRescate estelar &#8211; Recuperaci\u00f3n de datosCentro [&hellip;]<\/p>","protected":false},"author":1,"featured_media":0,"parent":0,"menu_order":0,"comment_status":"closed","ping_status":"closed","template":"elementor_header_footer","meta":{"inline_featured_image":false,"footnotes":""},"class_list":["post-2582","page","type-page","status-publish","hentry"],"_links":{"self":[{"href":"https:\/\/compucorel.com\/en\/wp-json\/wp\/v2\/pages\/2582","targetHints":{"allow":["GET"]}}],"collection":[{"href":"https:\/\/compucorel.com\/en\/wp-json\/wp\/v2\/pages"}],"about":[{"href":"https:\/\/compucorel.com\/en\/wp-json\/wp\/v2\/types\/page"}],"author":[{"embeddable":true,"href":"https:\/\/compucorel.com\/en\/wp-json\/wp\/v2\/users\/1"}],"replies":[{"embeddable":true,"href":"https:\/\/compucorel.com\/en\/wp-json\/wp\/v2\/comments?post=2582"}],"version-history":[{"count":10,"href":"https:\/\/compucorel.com\/en\/wp-json\/wp\/v2\/pages\/2582\/revisions"}],"predecessor-version":[{"id":2944,"href":"https:\/\/compucorel.com\/en\/wp-json\/wp\/v2\/pages\/2582\/revisions\/2944"}],"wp:attachment":[{"href":"https:\/\/compucorel.com\/en\/wp-json\/wp\/v2\/media?parent=2582"}],"curies":[{"name":"wp","href":"https:\/\/api.w.org\/{rel}","templated":true}]}}