{"id":33,"date":"2025-07-03T16:12:42","date_gmt":"2025-07-03T16:12:42","guid":{"rendered":"https:\/\/themexriver.com\/wp\/reliable\/?page_id=33"},"modified":"2026-01-10T01:18:52","modified_gmt":"2026-01-10T00:18:52","slug":"planes","status":"publish","type":"page","link":"https:\/\/compucorel.com\/en\/planes\/","title":{"rendered":"Flight routes"},"content":{"rendered":"<div data-elementor-type=\"wp-page\" data-elementor-id=\"33\" class=\"elementor elementor-33\" data-elementor-post-type=\"page\">\n\t\t\t\t<div class=\"elementor-element elementor-element-d4ef010 e-con-full e-flex e-con e-parent\" data-id=\"d4ef010\" data-element_type=\"container\">\n\t\t\t\t<div class=\"elementor-element elementor-element-48a6df7 elementor-widget elementor-widget-tx_pricing_section elh-el tx_pricing_section\" data-id=\"48a6df7\" data-element_type=\"widget\" data-settings=\"{&quot;design_style&quot;:&quot;style_2&quot;}\" data-widget_type=\"tx_pricing_section.default\">\n\t\t\t\t<div class=\"elementor-widget-container\">\n\t\t\t\t\t <section class=\"ra-price4-sec over-hidden position-relative pt-120 tx-section\">\r\n        <span class=\"ra-price-shape1 position-absolute\" data-parallax='{\"y\" : 150}'>\r\n        <img decoding=\"async\" src=\"https:\/\/compucorel.com\/wp-content\/uploads\/2025\/07\/shape18.webp\" alt=\"shape18\">\r\n    <\/span>\r\n    \r\n        <span class=\"ra-price-shape2 position-absolute\" data-parallax='{\"y\" : -150}'>\r\n        <img decoding=\"async\" src=\"https:\/\/compucorel.com\/wp-content\/uploads\/2025\/07\/shape19.webp\"\r\n        alt=\"shape19\">\r\n    <\/span>\r\n        <div class=\"container container-1344\">\r\n        <div class=\"ra-sec-title4 pera-content text-center headline-4\">\r\n                        <div class=\"subtitle tx-subTitle\">\r\n                Flight routes            <\/div>\r\n                        <h2 class=\"tx-title sec_title ra-sec-title ra-sec-anim\">Choose the plan that suits your needs<\/h2>        <\/div>\r\n        <div class=\"ra-price4-content pt-50\">\r\n            <div class=\"row\">\r\n                                <div class=\"col-lg-4 col-md-6 wow fadeInUp\" data-wow-delay=\"300ms\" data-wow-duration=\"1500ms\" >\r\n                    <div class=\"ra-price4-item\">\r\n                                                <span class=\"price-tag\">Remote support 30 minutes <\/span>\r\n                                                <div class=\"item-price-info mt-30 pera-content\">\r\n                            <div class=\"price-value headline-4\">\r\n                                <h3><span>&#036;<\/span>180 MXN <sup>m\u00e1s IVA<\/sup><\/h3>\r\n\r\n                                                                <p>Resolution of software problems, lighter configuration, installation of programs, minor adjustments via remote. <\/p>\r\n                                                            <\/div>\r\n\r\n                                                        <div class=\"item-price-list mt-30 ul-li-block\">\r\n                                <ul>\r\n                                                                    <\/ul>\r\n                            <\/div>\r\n                            \r\n                                                        <div class=\"item-btn text-center\">\r\n                                <a href=\"https:\/\/compucorel.com\/en\/?add-to-cart=2329\"\r\n                                target=\"_self\"\r\n                                rel=\"\"\r\n                                aria-label=\"Hire now\">\r\n                                    Hire now                                <\/a>\r\n                            <\/div>\r\n                            \r\n                        <\/div>\r\n                    <\/div>\r\n                <\/div>\r\n                                <div class=\"col-lg-4 col-md-6 wow fadeInUp\" data-wow-delay=\"300ms\" data-wow-duration=\"1500ms\" >\r\n                    <div class=\"ra-price4-item\">\r\n                                                <span class=\"price-tag\">Installation of specialized software <\/span>\r\n                                                <div class=\"item-price-info mt-30 pera-content\">\r\n                            <div class=\"price-value headline-4\">\r\n                                <h3><span>&#036;<\/span>800 MXN <sup>m\u00e1s IVA<\/sup><\/h3>\r\n\r\n                                                                <p>Installation and configuration of advanced software such as antivirus corporate suites, design or ERP small. <\/p>\r\n                                                            <\/div>\r\n\r\n                                                        <div class=\"item-price-list mt-30 ul-li-block\">\r\n                                <ul>\r\n                                                                    <\/ul>\r\n                            <\/div>\r\n                            \r\n                                                        <div class=\"item-btn text-center\">\r\n                                <a href=\"https:\/\/compucorel.com\/en\/?add-to-cart=2330\"\r\n                                target=\"_self\"\r\n                                rel=\"\"\r\n                                aria-label=\"Hire now\">\r\n                                    Hire now                                <\/a>\r\n                            <\/div>\r\n                            \r\n                        <\/div>\r\n                    <\/div>\r\n                <\/div>\r\n                                <div class=\"col-lg-4 col-md-6 wow fadeInUp\" data-wow-delay=\"300ms\" data-wow-duration=\"1500ms\" >\r\n                    <div class=\"ra-price4-item\">\r\n                                                <span class=\"price-tag\">Preventive maintenance and optimization <\/span>\r\n                                                <div class=\"item-price-info mt-30 pera-content\">\r\n                            <div class=\"price-value headline-4\">\r\n                                <h3><span>&#036;<\/span>1,120 MXN <sup>m\u00e1s IVA<\/sup><\/h3>\r\n\r\n                                                                <p>Cleaning software, optimizing the boot, update your operating system and drivers, improved overall performance of computer. <\/p>\r\n                                                            <\/div>\r\n\r\n                                                        <div class=\"item-price-list mt-30 ul-li-block\">\r\n                                <ul>\r\n                                                                    <\/ul>\r\n                            <\/div>\r\n                            \r\n                                                        <div class=\"item-btn text-center\">\r\n                                <a href=\"https:\/\/compucorel.com\/en\/?add-to-cart=2333\"\r\n                                target=\"_self\"\r\n                                rel=\"\"\r\n                                aria-label=\"Hire now\">\r\n                                    Hire now                                <\/a>\r\n                            <\/div>\r\n                            \r\n                        <\/div>\r\n                    <\/div>\r\n                <\/div>\r\n                                <div class=\"col-lg-4 col-md-6 wow fadeInUp\" data-wow-delay=\"300ms\" data-wow-duration=\"1500ms\" >\r\n                    <div class=\"ra-price4-item\">\r\n                                                <span class=\"price-tag\">Recovery of deleted data<\/span>\r\n                                                <div class=\"item-price-info mt-30 pera-content\">\r\n                            <div class=\"price-value headline-4\">\r\n                                <h3><span>&#036;<\/span>950 MXN <sup>m\u00e1s IVA<\/sup><\/h3>\r\n\r\n                                                                <p>Recovery of accidentally deleted files from hard disks, USB or SD memory, using specialized techniques<\/p>\r\n                                                            <\/div>\r\n\r\n                                                        <div class=\"item-price-list mt-30 ul-li-block\">\r\n                                <ul>\r\n                                                                    <\/ul>\r\n                            <\/div>\r\n                            \r\n                                                        <div class=\"item-btn text-center\">\r\n                                <a href=\"https:\/\/compucorel.com\/en\/?add-to-cart=2334\"\r\n                                target=\"_self\"\r\n                                rel=\"\"\r\n                                aria-label=\"Hire now\">\r\n                                    Hire now                                <\/a>\r\n                            <\/div>\r\n                            \r\n                        <\/div>\r\n                    <\/div>\r\n                <\/div>\r\n                                <div class=\"col-lg-4 col-md-6 wow fadeInUp\" data-wow-delay=\"300ms\" data-wow-duration=\"1500ms\" >\r\n                    <div class=\"ra-price4-item\">\r\n                                                <span class=\"price-tag\">Management Software basic <\/span>\r\n                                                <div class=\"item-price-info mt-30 pera-content\">\r\n                            <div class=\"price-value headline-4\">\r\n                                <h3><span>&#036;<\/span>4,630 MXN <sup>m\u00e1s IVA<\/sup><\/h3>\r\n\r\n                                                                <p>Management system for workshops or technical services: orders of service, control of sales, reports, billing, and cash control. <\/p>\r\n                                                            <\/div>\r\n\r\n                                                        <div class=\"item-price-list mt-30 ul-li-block\">\r\n                                <ul>\r\n                                                                    <\/ul>\r\n                            <\/div>\r\n                            \r\n                                                        <div class=\"item-btn text-center\">\r\n                                <a href=\"https:\/\/compucorel.com\/en\/?add-to-cart=2335\"\r\n                                target=\"_self\"\r\n                                rel=\"\"\r\n                                aria-label=\"Hire now\">\r\n                                    Hire now                                <\/a>\r\n                            <\/div>\r\n                            \r\n                        <\/div>\r\n                    <\/div>\r\n                <\/div>\r\n                                <div class=\"col-lg-4 col-md-6 wow fadeInUp\" data-wow-delay=\"300ms\" data-wow-duration=\"1500ms\" >\r\n                    <div class=\"ra-price4-item\">\r\n                                                <span class=\"price-tag\">Contrato de soporte t\u00e9cnico<\/span>\r\n                                                <div class=\"item-price-info mt-30 pera-content\">\r\n                            <div class=\"price-value headline-4\">\r\n                                <h3><span>&#036;<\/span>8,500 MXN <sup>m\u00e1s IVA<\/sup><\/h3>\r\n\r\n                                                                <p>Soporte remoto, soporte presencial limitado, mantenimientos programados, monitoreo de sistemas y prioridad en atenci\u00f3n.<\/p>\r\n                                                            <\/div>\r\n\r\n                                                        <div class=\"item-price-list mt-30 ul-li-block\">\r\n                                <ul>\r\n                                                                    <\/ul>\r\n                            <\/div>\r\n                            \r\n                                                        <div class=\"item-btn text-center\">\r\n                                <a href=\"https:\/\/compucorel.com\/en\/?add-to-cart=2336\"\r\n                                target=\"_self\"\r\n                                rel=\"\"\r\n                                aria-label=\"Hire now\">\r\n                                    Hire now                                <\/a>\r\n                            <\/div>\r\n                            \r\n                        <\/div>\r\n                    <\/div>\r\n                <\/div>\r\n                                <div class=\"col-lg-4 col-md-6 wow fadeInUp\" data-wow-delay=\"300ms\" data-wow-duration=\"1500ms\" >\r\n                    <div class=\"ra-price4-item\">\r\n                                                <span class=\"price-tag\">Development of a plugin or custom functionality <\/span>\r\n                                                <div class=\"item-price-info mt-30 pera-content\">\r\n                            <div class=\"price-value headline-4\">\r\n                                <h3><span>&#036;<\/span>21,400 MXN <sup>m\u00e1s IVA<\/sup><\/h3>\r\n\r\n                                                                <p>Plugin or extension as for platforms such as WordPress\/WooCommerce, business rules, calculations, automatic or specific functionality<\/p>\r\n                                                            <\/div>\r\n\r\n                                                        <div class=\"item-price-list mt-30 ul-li-block\">\r\n                                <ul>\r\n                                                                    <\/ul>\r\n                            <\/div>\r\n                            \r\n                                                        <div class=\"item-btn text-center\">\r\n                                <a href=\"https:\/\/compucorel.com\/en\/?add-to-cart=2337\"\r\n                                target=\"_self\"\r\n                                rel=\"\"\r\n                                aria-label=\"Hire now\">\r\n                                    Hire now                                <\/a>\r\n                            <\/div>\r\n                            \r\n                        <\/div>\r\n                    <\/div>\r\n                <\/div>\r\n                                <div class=\"col-lg-4 col-md-6 wow fadeInUp\" data-wow-delay=\"300ms\" data-wow-duration=\"1500ms\" >\r\n                    <div class=\"ra-price4-item\">\r\n                                                <span class=\"price-tag\">System web + mobile application as <\/span>\r\n                                                <div class=\"item-price-info mt-30 pera-content\">\r\n                            <div class=\"price-value headline-4\">\r\n                                <h3><span>&#036;<\/span>38,450 MXN <sup>m\u00e1s IVA<\/sup><\/h3>\r\n\r\n                                                                <p>Full development of web system and mobile app, with backend, admin panel, database, security, and functionality specific to the client.<\/p>\r\n                                                            <\/div>\r\n\r\n                                                        <div class=\"item-price-list mt-30 ul-li-block\">\r\n                                <ul>\r\n                                                                    <\/ul>\r\n                            <\/div>\r\n                            \r\n                                                        <div class=\"item-btn text-center\">\r\n                                <a href=\"https:\/\/compucorel.com\/en\/?add-to-cart=2338\"\r\n                                target=\"_self\"\r\n                                rel=\"\"\r\n                                aria-label=\"Hire now\">\r\n                                    Hire now                                <\/a>\r\n                            <\/div>\r\n                            \r\n                        <\/div>\r\n                    <\/div>\r\n                <\/div>\r\n                            <\/div>\r\n        <\/div>\r\n    <\/div>\r\n<\/section>\t\t\t\t<\/div>\n\t\t\t\t<\/div>\n\t\t\t\t<\/div>\n\t\t<div class=\"elementor-element elementor-element-0d67432 e-con-full e-flex e-con e-parent\" data-id=\"0d67432\" data-element_type=\"container\">\n\t\t\t\t<div class=\"elementor-element elementor-element-02a13fe elementor-widget elementor-widget-tx_cta elh-el tx_cta\" data-id=\"02a13fe\" data-element_type=\"widget\" data-settings=\"{&quot;design_style&quot;:&quot;style_5&quot;}\" data-widget_type=\"tx_cta.default\">\n\t\t\t\t<div class=\"elementor-widget-container\">\n\t\t\t\t\t <section class=\"ra-cta4-sec over-hidden tx-section\">\r\n    <div class=\"container\">\r\n        <div class=\"ra-cta4-content flex-wrap mt-40 pera-content d-flex align-items-center justify-content-between headline-3\">\r\n                        <p>Are you looking for a custom option?<\/p>\r\n            \r\n            <div class=\"ra-cta4-btn-wrap d-flex flex-wrap\">\r\n                                <a href=\"https:\/\/compucorel.com\/en\/opcion-personalizada\/\"\r\n                target=\"_self\"\r\n                rel=\"\">\r\n                    <i>\r\n                        <i aria-hidden=\"true\" class=\"fas fa-pencil-alt\"><\/i>                    <\/i>\r\n                    Fill in the form                <\/a>\r\n                \r\n                                <a class=\"tx-button\" href=\"https:\/\/compucorel.com\/en\/product\/personalizado\/\"\r\n                target=\"_self\"\r\n                rel=\"\">\r\n                    I already have a quote                    <i aria-hidden=\"true\" class=\"fas fa-angle-right\"><\/i>                <\/a>\r\n                            <\/div>\r\n\r\n        <\/div>\r\n    <\/div>\r\n<\/section>\t\t\t\t<\/div>\n\t\t\t\t<\/div>\n\t\t\t\t<\/div>\n\t\t<div class=\"elementor-element elementor-element-7daacf3 e-flex e-con-boxed e-con e-parent\" data-id=\"7daacf3\" data-element_type=\"container\" data-settings=\"{&quot;background_background&quot;:&quot;classic&quot;}\">\n\t\t\t\t\t<div class=\"e-con-inner\">\n\t\t\t\t<div class=\"elementor-element elementor-element-d92b29b elementor-widget elementor-widget-tx_heading elh-el tx_heading\" data-id=\"d92b29b\" data-element_type=\"widget\" data-settings=\"{&quot;design_style&quot;:&quot;style_1&quot;}\" data-widget_type=\"tx_heading.default\">\n\t\t\t\t<div class=\"elementor-widget-container\">\n\t\t\t\t\t<div class=\"tx-heading-section ra-sec-title1 headline-1 text-center\">\r\n        <div class=\"subtitle text-uppercase tx-subTitle\">\r\n                    <\/div>\r\n    <h2 class=\"tx-title sec_title  ra-sec-title ra-sec-anim2\">Discover all our products<\/h2>        <p class=\"tx-description\">\r\n            <\/p>\r\n    <\/div>\t\t\t\t<\/div>\n\t\t\t\t<\/div>\n\t\t\t\t<div class=\"elementor-element elementor-element-b0a2070 elementor-widget elementor-widget-tx_button elh-el tx_button\" data-id=\"b0a2070\" data-element_type=\"widget\" data-settings=\"{&quot;design_style&quot;:&quot;style_1&quot;}\" data-widget_type=\"tx_button.default\">\n\t\t\t\t<div class=\"elementor-widget-container\">\n\t\t\t\t\t<div class=\"tx-buttonWrapper wow fadeIn 1000 200  text-center\" data-wow-duration=\"1000\" data-wow-delay=\"200\">\r\n    <div class=\"ra-btn-1\">\r\n        <a href=\"https:\/\/compucorel.com\/en\/productos-2\/\"\r\n        target=\"_self\"\r\n        rel=\"\" class=\"tx-button\">\r\n            <span>View all products                <i aria-hidden=\"true\" class=\"fas fa-desktop\"><\/i>            <\/span>\r\n        <\/a>\r\n    <\/div>\r\n<\/div>\t\t\t\t<\/div>\n\t\t\t\t<\/div>\n\t\t\t\t\t<\/div>\n\t\t\t\t<\/div>\n\t\t\t\t<\/div>","protected":false},"excerpt":{"rendered":"<p>Rutas de Vuelo Elige el plan que se adapte a tus necesidades Soporte remoto 30 minutos &#036;180 MXN m\u00e1s IVA Resoluci\u00f3n de problemas de software, configuraci\u00f3n ligera, instalaci\u00f3n de programas, ajustes menores v\u00eda remoto. Contratar Instalaci\u00f3n de software especializado &#036;800 MXN m\u00e1s IVA Instalaci\u00f3n y configuraci\u00f3n de software avanzado como antivirus corporativos, suites de dise\u00f1o [&hellip;]<\/p>","protected":false},"author":1,"featured_media":0,"parent":0,"menu_order":0,"comment_status":"closed","ping_status":"closed","template":"elementor_header_footer","meta":{"inline_featured_image":false,"footnotes":""},"class_list":["post-33","page","type-page","status-publish","hentry"],"_links":{"self":[{"href":"https:\/\/compucorel.com\/en\/wp-json\/wp\/v2\/pages\/33","targetHints":{"allow":["GET"]}}],"collection":[{"href":"https:\/\/compucorel.com\/en\/wp-json\/wp\/v2\/pages"}],"about":[{"href":"https:\/\/compucorel.com\/en\/wp-json\/wp\/v2\/types\/page"}],"author":[{"embeddable":true,"href":"https:\/\/compucorel.com\/en\/wp-json\/wp\/v2\/users\/1"}],"replies":[{"embeddable":true,"href":"https:\/\/compucorel.com\/en\/wp-json\/wp\/v2\/comments?post=33"}],"version-history":[{"count":22,"href":"https:\/\/compucorel.com\/en\/wp-json\/wp\/v2\/pages\/33\/revisions"}],"predecessor-version":[{"id":3075,"href":"https:\/\/compucorel.com\/en\/wp-json\/wp\/v2\/pages\/33\/revisions\/3075"}],"wp:attachment":[{"href":"https:\/\/compucorel.com\/en\/wp-json\/wp\/v2\/media?parent=33"}],"curies":[{"name":"wp","href":"https:\/\/api.w.org\/{rel}","templated":true}]}}