{"id":2343,"date":"2025-10-04T18:21:55","date_gmt":"2025-10-04T16:21:55","guid":{"rendered":"https:\/\/compucorel.com\/producto\/laptop-hp-15-fc0081la-con-procesador-amd-ryzen-7-7730u-8-gb-de-ram-512-gb-ssd-windows-11-home-microsoft-365-personal\/"},"modified":"2025-10-06T18:09:12","modified_gmt":"2025-10-06T16:09:12","slug":"laptop-hp-15-fc0081la-con-procesador-amd-ryzen-7-7730u-8-gb-de-ram-512-gb-ssd-windows-11-home-microsoft-365-personal","status":"publish","type":"product","link":"https:\/\/compucorel.com\/en\/product\/laptop-hp-15-fc0081la-con-procesador-amd-ryzen-7-7730u-8-gb-de-ram-512-gb-ssd-windows-11-home-microsoft-365-personal\/","title":{"rendered":"Laptop HP 15-fc0081la with processor AMD Ryzen 7 7730U, 8 GB RAM, 512 GB SSD, Windows 11 Home, Microsoft 365 Personal"},"content":{"rendered":"<ul>\n<li>Procesador AMD Ryzen 7 7730U: Ofrece un rendimiento excepcional en multitareas, con velocidades de hasta 4.5 GHz.<\/li>\n<li>Memoria RAM de 8 GB DDR4: Permite una ejecuci\u00f3n fluida de m\u00faltiples aplicaciones simult\u00e1neamente.<\/li>\n<li>Almacenamiento SSD de 512 GB: Proporciona arranques r\u00e1pidos del sistema y acceso \u00e1gil a archivos y programas.<\/li>\n<li>Pantalla de 15.6&#8243;\u00bb HD (1366&#215;768): Ideal para trabajar en hojas de c\u00e1lculo, presentaciones y navegaci\u00f3n web.<\/li>\n<li>Sistema operativo Windows 11 Home: Incluye las \u00faltimas herramientas de productividad y seguridad de Microsoft.<\/li>\n<\/ul>","protected":false},"excerpt":{"rendered":"<p>Procesador AMD Ryzen 7 7730U: Ofrece un rendimiento excepcional en multitareas, con velocidades de hasta 4.5 GHz. Memoria RAM de 8 GB DDR4: Permite una ejecuci\u00f3n fluida de m\u00faltiples aplicaciones simult\u00e1neamente. Almacenamiento SSD de 512 GB: Proporciona arranques r\u00e1pidos del sistema y acceso \u00e1gil a archivos y programas. Pantalla de 15.6&#8243;\u00bb HD (1366&#215;768): Ideal para [&hellip;]<\/p>","protected":false},"featured_media":2537,"template":"","meta":{"inline_featured_image":false},"product_brand":[],"product_cat":[59],"product_tag":[],"class_list":{"0":"post-2343","1":"product","2":"type-product","3":"status-publish","4":"has-post-thumbnail","6":"product_cat-productos","7":"tm-no-options","9":"first","10":"instock","11":"taxable","12":"shipping-taxable","13":"purchasable","14":"product-type-simple"},"_links":{"self":[{"href":"https:\/\/compucorel.com\/en\/wp-json\/wp\/v2\/product\/2343","targetHints":{"allow":["GET"]}}],"collection":[{"href":"https:\/\/compucorel.com\/en\/wp-json\/wp\/v2\/product"}],"about":[{"href":"https:\/\/compucorel.com\/en\/wp-json\/wp\/v2\/types\/product"}],"wp:featuredmedia":[{"embeddable":true,"href":"https:\/\/compucorel.com\/en\/wp-json\/wp\/v2\/media\/2537"}],"wp:attachment":[{"href":"https:\/\/compucorel.com\/en\/wp-json\/wp\/v2\/media?parent=2343"}],"wp:term":[{"taxonomy":"product_brand","embeddable":true,"href":"https:\/\/compucorel.com\/en\/wp-json\/wp\/v2\/product_brand?post=2343"},{"taxonomy":"product_cat","embeddable":true,"href":"https:\/\/compucorel.com\/en\/wp-json\/wp\/v2\/product_cat?post=2343"},{"taxonomy":"product_tag","embeddable":true,"href":"https:\/\/compucorel.com\/en\/wp-json\/wp\/v2\/product_tag?post=2343"}],"curies":[{"name":"wp","href":"https:\/\/api.w.org\/{rel}","templated":true}]}}