{"id":2347,"date":"2025-10-04T18:21:55","date_gmt":"2025-10-04T16:21:55","guid":{"rendered":"https:\/\/compucorel.com\/producto\/hp-laptop-255-g9-con-amd-ryzen-5-5625u-16-gb-de-ram-512-gb-ssd-pcie-nvme-m-2-pantalla-de-15-6-windows-11-home-y-teclado-en-espanol\/"},"modified":"2025-10-06T18:15:52","modified_gmt":"2025-10-06T16:15:52","slug":"hp-laptop-255-g9-con-amd-ryzen-5-5625u-16-gb-de-ram-512-gb-ssd-pcie-nvme-m-2-pantalla-de-15-6-windows-11-home-y-teclado-en-espanol","status":"publish","type":"product","link":"https:\/\/compucorel.com\/en\/product\/hp-laptop-255-g9-con-amd-ryzen-5-5625u-16-gb-de-ram-512-gb-ssd-pcie-nvme-m-2-pantalla-de-15-6-windows-11-home-y-teclado-en-espanol\/","title":{"rendered":"HP Laptop 255 G9 with AMD Ryzen 5 5625U, 16 GB RAM, 512 GB SSD PCIe NVMe M. 2, 15.6\" display, Windows 11 Home and Spanish keyboard"},"content":{"rendered":"<p>Procesador: Intel Core i5-6300U (2.3 GHz, hasta 2.8 GHz con Turbo Boost).<\/p>\n<p>Memoria RAM: 8 GB DDR4.<\/p>\n<p>Almacenamiento: SSD de 256 GB.<\/p>\n<p>Pantalla: 14&#8243; Full HD (1920 x 1080).<\/p>\n<p>Gr\u00e1ficos: Intel HD Graphics 520.<\/p>\n<p>Sistema operativo: Windows 10 Pro (en modelos reacondicionados).<\/p>\n<p>Conectividad: HDMI, Wi-Fi, puertos USB 3.0, lector de huellas (seg\u00fan configuraci\u00f3n).<\/p>\n<p>Teclado: Espa\u00f1ol (ISO) o ingl\u00e9s, retroiluminado en algunos modelos.<\/p>","protected":false},"excerpt":{"rendered":"<p>Procesador: Intel Core i5-6300U (2.3 GHz, hasta 2.8 GHz con Turbo Boost). Memoria RAM: 8 GB DDR4. Almacenamiento: SSD de 256 GB. Pantalla: 14&#8243; Full HD (1920 x 1080). Gr\u00e1ficos: Intel HD Graphics 520. Sistema operativo: Windows 10 Pro (en modelos reacondicionados). Conectividad: HDMI, Wi-Fi, puertos USB 3.0, lector de huellas (seg\u00fan configuraci\u00f3n). Teclado: Espa\u00f1ol [&hellip;]<\/p>","protected":false},"featured_media":2545,"template":"","meta":{"inline_featured_image":false},"product_brand":[],"product_cat":[59],"product_tag":[],"class_list":{"0":"post-2347","1":"product","2":"type-product","3":"status-publish","4":"has-post-thumbnail","6":"product_cat-productos","7":"tm-no-options","9":"first","10":"instock","11":"taxable","12":"shipping-taxable","13":"purchasable","14":"product-type-simple"},"_links":{"self":[{"href":"https:\/\/compucorel.com\/en\/wp-json\/wp\/v2\/product\/2347","targetHints":{"allow":["GET"]}}],"collection":[{"href":"https:\/\/compucorel.com\/en\/wp-json\/wp\/v2\/product"}],"about":[{"href":"https:\/\/compucorel.com\/en\/wp-json\/wp\/v2\/types\/product"}],"wp:featuredmedia":[{"embeddable":true,"href":"https:\/\/compucorel.com\/en\/wp-json\/wp\/v2\/media\/2545"}],"wp:attachment":[{"href":"https:\/\/compucorel.com\/en\/wp-json\/wp\/v2\/media?parent=2347"}],"wp:term":[{"taxonomy":"product_brand","embeddable":true,"href":"https:\/\/compucorel.com\/en\/wp-json\/wp\/v2\/product_brand?post=2347"},{"taxonomy":"product_cat","embeddable":true,"href":"https:\/\/compucorel.com\/en\/wp-json\/wp\/v2\/product_cat?post=2347"},{"taxonomy":"product_tag","embeddable":true,"href":"https:\/\/compucorel.com\/en\/wp-json\/wp\/v2\/product_tag?post=2347"}],"curies":[{"name":"wp","href":"https:\/\/api.w.org\/{rel}","templated":true}]}}