{"id":2352,"date":"2025-10-04T18:21:55","date_gmt":"2025-10-04T16:21:55","guid":{"rendered":"https:\/\/compucorel.com\/producto\/imac-apple-mgpj3e-a\/"},"modified":"2025-10-06T20:10:40","modified_gmt":"2025-10-06T18:10:40","slug":"imac-apple-mgpj3e-a","status":"publish","type":"product","link":"https:\/\/compucorel.com\/en\/product\/imac-apple-mgpj3e-a\/","title":{"rendered":"iMac Apple MGPJ3E\/A"},"content":{"rendered":"<p>Procesador: Apple M1 (8 n\u00facleos: 4 de rendimiento y 4 de eficiencia)<br \/>\nMemoria RAM: 8 GB unificada<br \/>\nAlmacenamiento: SSD de 512 GB<br \/>\nPantalla: 24&#8243; Retina 4.5K (4480 x 2520), True Tone, 500 nits<br \/>\nGr\u00e1ficos: GPU integrada de 8 n\u00facleos<br \/>\nSistema operativo: macOS Big Sur<br \/>\nConectividad: 2 x Thunderbolt\/USB 4, 2 x USB 3, Ethernet Gigabit, Wi-Fi, Bluetooth<br \/>\nC\u00e1mara y audio: C\u00e1mara FaceTime HD 1080p, 6 altavoces con sonido est\u00e9reo, 3 micr\u00f3fonos de calidad estudio<br \/>\nDise\u00f1o: Ultrafino (11.5 mm), peso aprox. 4.48 kg, disponible en varios colores, dise\u00f1o compacto y elegante<\/p>","protected":false},"excerpt":{"rendered":"<p>Procesador: Apple M1 (8 n\u00facleos: 4 de rendimiento y 4 de eficiencia) Memoria RAM: 8 GB unificada Almacenamiento: SSD de 512 GB Pantalla: 24&#8243; Retina 4.5K (4480 x 2520), True Tone, 500 nits Gr\u00e1ficos: GPU integrada de 8 n\u00facleos Sistema operativo: macOS Big Sur Conectividad: 2 x Thunderbolt\/USB 4, 2 x USB 3, Ethernet Gigabit, [&hellip;]<\/p>","protected":false},"featured_media":2556,"template":"","meta":{"inline_featured_image":false},"product_brand":[],"product_cat":[59],"product_tag":[],"class_list":{"0":"post-2352","1":"product","2":"type-product","3":"status-publish","4":"has-post-thumbnail","6":"product_cat-productos","7":"tm-no-options","9":"first","10":"instock","11":"taxable","12":"shipping-taxable","13":"purchasable","14":"product-type-simple"},"_links":{"self":[{"href":"https:\/\/compucorel.com\/en\/wp-json\/wp\/v2\/product\/2352","targetHints":{"allow":["GET"]}}],"collection":[{"href":"https:\/\/compucorel.com\/en\/wp-json\/wp\/v2\/product"}],"about":[{"href":"https:\/\/compucorel.com\/en\/wp-json\/wp\/v2\/types\/product"}],"wp:featuredmedia":[{"embeddable":true,"href":"https:\/\/compucorel.com\/en\/wp-json\/wp\/v2\/media\/2556"}],"wp:attachment":[{"href":"https:\/\/compucorel.com\/en\/wp-json\/wp\/v2\/media?parent=2352"}],"wp:term":[{"taxonomy":"product_brand","embeddable":true,"href":"https:\/\/compucorel.com\/en\/wp-json\/wp\/v2\/product_brand?post=2352"},{"taxonomy":"product_cat","embeddable":true,"href":"https:\/\/compucorel.com\/en\/wp-json\/wp\/v2\/product_cat?post=2352"},{"taxonomy":"product_tag","embeddable":true,"href":"https:\/\/compucorel.com\/en\/wp-json\/wp\/v2\/product_tag?post=2352"}],"curies":[{"name":"wp","href":"https:\/\/api.w.org\/{rel}","templated":true}]}}