{"id":2353,"date":"2025-10-04T18:21:55","date_gmt":"2025-10-04T16:21:55","guid":{"rendered":"https:\/\/compucorel.com\/producto\/lenovo-chromebook-100e-con-procesador-amd-a4-9120c-4-gb-de-ram-y-32-gb-de-almacenamiento-emmc\/"},"modified":"2025-10-06T19:59:55","modified_gmt":"2025-10-06T17:59:55","slug":"lenovo-chromebook-100e-con-procesador-amd-a4-9120c-4-gb-de-ram-y-32-gb-de-almacenamiento-emmc","status":"publish","type":"product","link":"https:\/\/compucorel.com\/en\/product\/lenovo-chromebook-100e-con-procesador-amd-a4-9120c-4-gb-de-ram-y-32-gb-de-almacenamiento-emmc\/","title":{"rendered":"Lenovo Chromebook 100e processor AMD A4-9120C-4 GB of RAM and 32 GB of storage eMMC"},"content":{"rendered":"<p>Procesador: AMD A4-9120C (2 n\u00facleos, hasta 2.4 GHz)<br \/>\nMemoria RAM: 4 GB DDR4<br \/>\nAlmacenamiento: 32 GB eMMC<br \/>\nPantalla: 11.6&#8243; HD (1366 x 768), antirreflejante<br \/>\nGr\u00e1ficos: AMD Radeon R4 integrada<br \/>\nSistema operativo: Chrome OS<br \/>\nConectividad: Wi-Fi 5, Bluetooth 4.2, 1 x USB-C, 2 x USB 3.0, lector de tarjetas microSD, conector combinado de audio<br \/>\nTeclado: Ingl\u00e9s (US)<br \/>\nDise\u00f1o: Resistente a ca\u00eddas hasta 75 cm, teclado resistente a l\u00edquidos, puertos y bisagras reforzados<br \/>\nPeso: Aproximadamente 1.3 kg<\/p>","protected":false},"excerpt":{"rendered":"<p>Procesador: AMD A4-9120C (2 n\u00facleos, hasta 2.4 GHz) Memoria RAM: 4 GB DDR4 Almacenamiento: 32 GB eMMC Pantalla: 11.6&#8243; HD (1366 x 768), antirreflejante Gr\u00e1ficos: AMD Radeon R4 integrada Sistema operativo: Chrome OS Conectividad: Wi-Fi 5, Bluetooth 4.2, 1 x USB-C, 2 x USB 3.0, lector de tarjetas microSD, conector combinado de audio Teclado: Ingl\u00e9s [&hellip;]<\/p>","protected":false},"featured_media":2576,"template":"","meta":{"inline_featured_image":false},"product_brand":[],"product_cat":[59],"product_tag":[],"class_list":{"0":"post-2353","1":"product","2":"type-product","3":"status-publish","4":"has-post-thumbnail","6":"product_cat-productos","7":"tm-no-options","9":"first","10":"instock","11":"taxable","12":"shipping-taxable","13":"purchasable","14":"product-type-simple"},"_links":{"self":[{"href":"https:\/\/compucorel.com\/en\/wp-json\/wp\/v2\/product\/2353","targetHints":{"allow":["GET"]}}],"collection":[{"href":"https:\/\/compucorel.com\/en\/wp-json\/wp\/v2\/product"}],"about":[{"href":"https:\/\/compucorel.com\/en\/wp-json\/wp\/v2\/types\/product"}],"wp:featuredmedia":[{"embeddable":true,"href":"https:\/\/compucorel.com\/en\/wp-json\/wp\/v2\/media\/2576"}],"wp:attachment":[{"href":"https:\/\/compucorel.com\/en\/wp-json\/wp\/v2\/media?parent=2353"}],"wp:term":[{"taxonomy":"product_brand","embeddable":true,"href":"https:\/\/compucorel.com\/en\/wp-json\/wp\/v2\/product_brand?post=2353"},{"taxonomy":"product_cat","embeddable":true,"href":"https:\/\/compucorel.com\/en\/wp-json\/wp\/v2\/product_cat?post=2353"},{"taxonomy":"product_tag","embeddable":true,"href":"https:\/\/compucorel.com\/en\/wp-json\/wp\/v2\/product_tag?post=2353"}],"curies":[{"name":"wp","href":"https:\/\/api.w.org\/{rel}","templated":true}]}}