{"id":2358,"date":"2025-10-04T18:21:55","date_gmt":"2025-10-04T16:21:55","guid":{"rendered":"https:\/\/compucorel.com\/producto\/asus-vivobook-flip-14-tp412fa-xb56t\/"},"modified":"2025-10-06T18:25:01","modified_gmt":"2025-10-06T16:25:01","slug":"asus-vivobook-flip-14-tp412fa-xb56t","status":"publish","type":"product","link":"https:\/\/compucorel.com\/en\/product\/asus-vivobook-flip-14-tp412fa-xb56t\/","title":{"rendered":"ASUS VivoBook Flip 14 TP412FA-XB56T"},"content":{"rendered":"<p>Procesador: Intel Core i5-10210U (hasta 4.2 GHz, 4 n\u00facleos)<br \/>\nMemoria RAM: 8\u202fGB DDR4<br \/>\nAlmacenamiento: SSD M.2 NVMe de 512\u202fGB<br \/>\nPantalla: 14&#8243; Full HD (1920 x 1080), t\u00e1ctil, tecnolog\u00eda IPS<br \/>\nGr\u00e1ficos: Intel UHD Graphics<br \/>\nSistema operativo: Windows 10 Home<br \/>\nConectividad: Wi-Fi 6, Bluetooth 5.0, 1 x USB-C, 2 x USB 3.2, 1 x HDMI, lector de tarjetas microSD, conector combinado de audio<br \/>\nTeclado: Espa\u00f1ol (ISO), retroiluminado<br \/>\nDise\u00f1o: Color Star Grey, convertible 2 en 1 con bisagra de 360\u00b0<br \/>\nPeso: Aproximadamente 1.5\u202fkg<\/p>","protected":false},"excerpt":{"rendered":"<p>Procesador: Intel Core i5-10210U (hasta 4.2 GHz, 4 n\u00facleos) Memoria RAM: 8\u202fGB DDR4 Almacenamiento: SSD M.2 NVMe de 512\u202fGB Pantalla: 14&#8243; Full HD (1920 x 1080), t\u00e1ctil, tecnolog\u00eda IPS Gr\u00e1ficos: Intel UHD Graphics Sistema operativo: Windows 10 Home Conectividad: Wi-Fi 6, Bluetooth 5.0, 1 x USB-C, 2 x USB 3.2, 1 x HDMI, lector de [&hellip;]<\/p>","protected":false},"featured_media":2554,"template":"","meta":{"inline_featured_image":false},"product_brand":[],"product_cat":[59],"product_tag":[],"class_list":{"0":"post-2358","1":"product","2":"type-product","3":"status-publish","4":"has-post-thumbnail","6":"product_cat-productos","7":"tm-no-options","9":"first","10":"instock","11":"taxable","12":"shipping-taxable","13":"purchasable","14":"product-type-simple"},"_links":{"self":[{"href":"https:\/\/compucorel.com\/en\/wp-json\/wp\/v2\/product\/2358","targetHints":{"allow":["GET"]}}],"collection":[{"href":"https:\/\/compucorel.com\/en\/wp-json\/wp\/v2\/product"}],"about":[{"href":"https:\/\/compucorel.com\/en\/wp-json\/wp\/v2\/types\/product"}],"wp:featuredmedia":[{"embeddable":true,"href":"https:\/\/compucorel.com\/en\/wp-json\/wp\/v2\/media\/2554"}],"wp:attachment":[{"href":"https:\/\/compucorel.com\/en\/wp-json\/wp\/v2\/media?parent=2358"}],"wp:term":[{"taxonomy":"product_brand","embeddable":true,"href":"https:\/\/compucorel.com\/en\/wp-json\/wp\/v2\/product_brand?post=2358"},{"taxonomy":"product_cat","embeddable":true,"href":"https:\/\/compucorel.com\/en\/wp-json\/wp\/v2\/product_cat?post=2358"},{"taxonomy":"product_tag","embeddable":true,"href":"https:\/\/compucorel.com\/en\/wp-json\/wp\/v2\/product_tag?post=2358"}],"curies":[{"name":"wp","href":"https:\/\/api.w.org\/{rel}","templated":true}]}}